{"id":16,"date":"2021-03-28T09:29:23","date_gmt":"2021-03-28T07:29:23","guid":{"rendered":"https:\/\/nyfikenpasoderkoping.se\/?page_id=16"},"modified":"2022-06-28T10:26:41","modified_gmt":"2022-06-28T08:26:41","slug":"om-oss","status":"publish","type":"page","link":"https:\/\/nyfikenpasoderkoping.se\/?page_id=16","title":{"rendered":"Om Oss"},"content":{"rendered":"\n<p>F\u00f6rel\u00e4sningsf\u00f6reningen Nyfiken p\u00e5\u2026 instiftades av v\u00e4nsterpartiet<br>och milj\u00f6partiet p\u00e5 h\u00f6sten 2008 och \u00e4r en oberoende ideell f\u00f6rening. Vi saknade ett offentligt samtal kring radikala och sp\u00e4nnande fr\u00e5gor och besl\u00f6t oss f\u00f6r att bild en f\u00f6rel\u00e4sningsf\u00f6rening.<\/p>\n\n\n\n<p><strong><em>I stadgarna st\u00e5r bl a f\u00f6ljande:<\/em><\/strong><\/p>\n\n\n\n<p>\u2026 stimulera en radikal och f\u00f6rhoppningsvis sp\u00e4nnande kultur<br>och samh\u00e4llsdiskussion i S\u00f6derk\u00f6ping med omnejd.<\/p>\n\n\n\n<p>\u00c4nda fr\u00e5n b\u00f6rjan var styrelsen \u00f6verens om att det inte f\u00e5r kosta mycket. Det ska finnas m\u00f6jlighet f\u00f6r alla att kunna lyssna p\u00e5 och delta i diskussioner kring aktuella b\u00f6cker och f\u00f6redrag. Offentliga samtals och diskussionsm\u00f6ten med inbjudna inledare \u2013 det var s\u00e5 f\u00f6reningen b\u00f6rjade och det \u00e4r s\u00e5 den fortsatt.<\/p>\n\n\n\n<p>Styrelsen f\u00f6ljer den aktuella debatten om b\u00f6cker, politik och h\u00e4ndelser och f\u00f6resl\u00e5r ett antal personer som diskuteras och d\u00e4refter bjuds in. Styrelsen f\u00f6rs\u00f6ker vara uppm\u00e4rksam p\u00e5 f\u00f6rdelningen kvinnor\/m\u00e4n och f\u00f6rs\u00f6ker \u00e4ven f\u00e5 med en person med lokal anknytning varje \u00e5r.<\/p>\n\n\n\n<p>Tips p\u00e5 f\u00f6rel\u00e4sare mottages tacksamt, skicka dina tips via v\u00e5rt kontaktformul\u00e4r<\/p>\n","protected":false},"excerpt":{"rendered":"<p>F\u00f6rel\u00e4sningsf\u00f6reningen Nyfiken p\u00e5\u2026 instiftades av v\u00e4nsterpartietoch milj\u00f6partiet p\u00e5 h\u00f6sten 2008 och \u00e4r en oberoende ideell f\u00f6rening. Vi saknade ett offentligt samtal kring radikala och sp\u00e4nnande fr\u00e5gor och besl\u00f6t oss f\u00f6r att bild en f\u00f6rel\u00e4sningsf\u00f6rening. I stadgarna st\u00e5r bl a f\u00f6ljande: \u2026 stimulera en radikal och [&hellip;]<\/p>\n","protected":false},"author":2,"featured_media":0,"parent":0,"menu_order":0,"comment_status":"closed","ping_status":"closed","template":"","meta":{"footnotes":""},"class_list":["post-16","page","type-page","status-publish","hentry"],"_links":{"self":[{"href":"https:\/\/nyfikenpasoderkoping.se\/index.php?rest_route=\/wp\/v2\/pages\/16","targetHints":{"allow":["GET"]}}],"collection":[{"href":"https:\/\/nyfikenpasoderkoping.se\/index.php?rest_route=\/wp\/v2\/pages"}],"about":[{"href":"https:\/\/nyfikenpasoderkoping.se\/index.php?rest_route=\/wp\/v2\/types\/page"}],"author":[{"embeddable":true,"href":"https:\/\/nyfikenpasoderkoping.se\/index.php?rest_route=\/wp\/v2\/users\/2"}],"replies":[{"embeddable":true,"href":"https:\/\/nyfikenpasoderkoping.se\/index.php?rest_route=%2Fwp%2Fv2%2Fcomments&post=16"}],"version-history":[{"count":1,"href":"https:\/\/nyfikenpasoderkoping.se\/index.php?rest_route=\/wp\/v2\/pages\/16\/revisions"}],"predecessor-version":[{"id":311,"href":"https:\/\/nyfikenpasoderkoping.se\/index.php?rest_route=\/wp\/v2\/pages\/16\/revisions\/311"}],"wp:attachment":[{"href":"https:\/\/nyfikenpasoderkoping.se\/index.php?rest_route=%2Fwp%2Fv2%2Fmedia&parent=16"}],"curies":[{"name":"wp","href":"https:\/\/api.w.org\/{rel}","templated":true}]}}